{"id":103969,"date":"2025-05-20T09:59:46","date_gmt":"2025-05-20T09:59:46","guid":{"rendered":"https:\/\/aigroupfood.net\/us\/product\/120-inch-extra-long-voile-54-wide-window-sheer-curtain-panel-pure-white\/"},"modified":"2025-05-20T09:59:47","modified_gmt":"2025-05-20T09:59:47","slug":"120-inch-extra-long-voile-54-wide-window-sheer-curtain-panel-pure-white","status":"publish","type":"product","link":"https:\/\/aigroupfood.net\/us\/product\/120-inch-extra-long-voile-54-wide-window-sheer-curtain-panel-pure-white\/","title":{"rendered":"120-inch Extra Long Voile 54&#8242; Wide Window Sheer Curtain Panel! &#8211; Pure White"},"content":{"rendered":"<p>123 Inches Long! 54&quot; Wide &#8211; 1 Panel Per Purchase12 VIBRAN BEAUTIFUL COLORS AvailibleSheer Voil CurtainsWeddings \/ CHURCHES \/ Cloth Material \/ High WindowsThese Extra sheer panels are perfect for so many reasons. Grat for chuch, weddings, high ceiling \u0102\u0103\u0104\u0105\u0106\u0107\u0108\u0109\u010a\u010b\u010c\u010d\u010e\u010f\u0110\u0111\u0112\u0113\u0114\u0115\u0116\u0117\u0118\u0119\u011a\u011b\u011c\u011d\u011e\u011f\u0120\u0121\u0122\u0123\u0124\u0125\u0126\u0127\u0128\u0129\u012a\u012b\u012c\u012d\u012e\u012f\u0130\u0131\u0132\u0133\u0134\u0135\u0136\u0137\u0138\u0139\u013a120-inch Extra Long Voile 54&quot; Wide Window Sheer Curtain Panel! &#8211; Pure White<\/p>\n","protected":false},"excerpt":{"rendered":"<p>123 Inches Long! 54&quot; Wide &#8211; 1 Panel Per Purchase12 VIBRAN BEAUTIFUL COLORS AvailibleSheer Voil CurtainsWeddings \/ CHURCHES \/ Cloth Material \/ High WindowsThese Extra sheer panels are perfect for so many reasons. Grat for chuch, weddings, high ceiling \u0102\u0103\u0104\u0105\u0106\u0107\u0108\u0109\u010a\u010b\u010c\u010d\u010e\u010f\u0110\u0111\u0112\u0113\u0114\u0115\u0116\u0117\u0118\u0119\u011a\u011b\u011c\u011d\u011e\u011f\u0120\u0121\u0122\u0123\u0124\u0125\u0126\u0127\u0128\u0129\u012a\u012b\u012c\u012d\u012e\u012f\u0130\u0131\u0132\u0133\u0134\u0135\u0136\u0137\u0138\u0139\u013a120-inch Extra Long Voile 54&quot; Wide Window Sheer Curtain Panel! &#8211; Pure White<\/p>\n","protected":false},"featured_media":103968,"comment_status":"open","ping_status":"closed","template":"","meta":[],"product_brand":[],"product_cat":[101076],"product_tag":[101085,101077,101079,101078,101087,101083,101086,101080,101082,101081,101084],"class_list":{"0":"post-103969","1":"product","2":"type-product","3":"status-publish","4":"has-post-thumbnail","6":"product_cat-kitchen-curtains","7":"product_tag-curtain-panel","8":"product_tag-extra-long","9":"product_tag-extra-long-voile","10":"product_tag-long-voile","11":"product_tag-pure-white","12":"product_tag-sheer-curtain","13":"product_tag-sheer-curtain-panel","14":"product_tag-wide-window","15":"product_tag-wide-window-sheer","16":"product_tag-window-sheer","17":"product_tag-window-sheer-curtain","19":"first","20":"instock","21":"taxable","22":"shipping-taxable","23":"purchasable","24":"product-type-simple"},"_links":{"self":[{"href":"https:\/\/aigroupfood.net\/us\/wp-json\/wp\/v2\/product\/103969","targetHints":{"allow":["GET"]}}],"collection":[{"href":"https:\/\/aigroupfood.net\/us\/wp-json\/wp\/v2\/product"}],"about":[{"href":"https:\/\/aigroupfood.net\/us\/wp-json\/wp\/v2\/types\/product"}],"replies":[{"embeddable":true,"href":"https:\/\/aigroupfood.net\/us\/wp-json\/wp\/v2\/comments?post=103969"}],"wp:featuredmedia":[{"embeddable":true,"href":"https:\/\/aigroupfood.net\/us\/wp-json\/wp\/v2\/media\/103968"}],"wp:attachment":[{"href":"https:\/\/aigroupfood.net\/us\/wp-json\/wp\/v2\/media?parent=103969"}],"wp:term":[{"taxonomy":"product_brand","embeddable":true,"href":"https:\/\/aigroupfood.net\/us\/wp-json\/wp\/v2\/product_brand?post=103969"},{"taxonomy":"product_cat","embeddable":true,"href":"https:\/\/aigroupfood.net\/us\/wp-json\/wp\/v2\/product_cat?post=103969"},{"taxonomy":"product_tag","embeddable":true,"href":"https:\/\/aigroupfood.net\/us\/wp-json\/wp\/v2\/product_tag?post=103969"}],"curies":[{"name":"wp","href":"https:\/\/api.w.org\/{rel}","templated":true}]}}