{"id":72547,"date":"2025-06-24T19:07:08","date_gmt":"2025-06-24T19:07:08","guid":{"rendered":"https:\/\/aigroupfood.net\/wm-save\/product\/jabon-de-arbol-de-te-en-barra-pack-de-3-tea-tree-oil-trata-la-psoriasis-therapeutic-skincare-all-skin-types-moisturizes-face-and-body-tea-tree-oil-bath-bar-soap-handmade-natural-de-mexico\/"},"modified":"2025-06-24T19:07:09","modified_gmt":"2025-06-24T19:07:09","slug":"jabon-de-arbol-de-te-en-barra-pack-de-3-tea-tree-oil-trata-la-psoriasis-therapeutic-skincare-all-skin-types-moisturizes-face-and-body-tea-tree-oil-bath-bar-soap-handmade-natural-de-mexico","status":"publish","type":"product","link":"https:\/\/aigroupfood.net\/wm-save\/product\/jabon-de-arbol-de-te-en-barra-pack-de-3-tea-tree-oil-trata-la-psoriasis-therapeutic-skincare-all-skin-types-moisturizes-face-and-body-tea-tree-oil-bath-bar-soap-handmade-natural-de-mexico\/","title":{"rendered":"Jab\u00f3n de \u00c1rbol de T\u00e9 en Barra Pack de 3, Tea Tree Oil, Trata la Psoriasis, Therapeutic Skincare, All Skin Types,  Moisturizes Face and Body, Tea Tree Oil Bath Bar Soap HANDMADE Natural de Mexico"},"content":{"rendered":"<p>El jab&oacute;n de Arbol de T&eacute; te ayudar&aacute; con distintos problemas o afecciones de la piel. Tiene multitud de propiedades lo que le hace un jab&oacute;n que puede utilizarse por toda la familia. El aceite de &aacute;rbol de t&eacute; que utilizamos es 100% natural, extra&iacute;do de la corteza del &aacute;rbol del mismo nombre posee propiedades protectoras, seborreguladoras, antis&eacute;pticas , regeneradoras, entre otras.<\/p>\n<ul>\n<li>Trata infecciones cut&aacute;neas<\/li>\n<li>Acn&eacute;<\/li>\n<li>Herpes<\/li>\n<li>Verrugas<\/li>\n<li>Candidiasis<\/li>\n<li>Poder antis&eacute;ptico<\/li>\n<li>Antibacteriano<\/li>\n<li>Cicatrizante<\/li>\n<li>Combate la psoriasis<\/li>\n<\/ul>\n","protected":false},"excerpt":{"rendered":"<p>El jab&oacute;n de Arbol de T&eacute; te ayudar&aacute; con distintos problemas o afecciones de la piel. Tiene multitud de propiedades lo que le hace un jab&oacute;n que puede utilizarse por toda la familia. El aceite de &aacute;rbol de t&eacute; que utilizamos es 100% natural, extra&iacute;do de la corteza del &aacute;rbol del mismo nombre posee propiedades [&#8230;]\n","protected":false},"featured_media":72679,"comment_status":"open","ping_status":"closed","template":"","meta":[],"product_brand":[],"product_cat":[67759],"product_tag":[8571,103134,103124,61620,103132,103135,103126,103128,103129,103131,51873,103133,103136,6940,6943,103125,103127,6942,103130],"class_list":{"0":"post-72547","1":"product","2":"type-product","3":"status-publish","4":"has-post-thumbnail","6":"product_cat-baby-bath-care","7":"product_tag-bar-soap","8":"product_tag-bar-soap-handmade","9":"product_tag-barra-pack","10":"product_tag-bath-bar","11":"product_tag-bath-bar-soap","12":"product_tag-handmade-natural","13":"product_tag-la-psoriasis","14":"product_tag-moisturizes-face","15":"product_tag-oil-bath","16":"product_tag-oil-bath-bar","17":"product_tag-skin-types","18":"product_tag-soap-handmade","19":"product_tag-soap-handmade-natural","20":"product_tag-tea-tree","21":"product_tag-tea-tree-oil","22":"product_tag-trata-la","23":"product_tag-trata-la-psoriasis","24":"product_tag-tree-oil","25":"product_tag-tree-oil-bath","27":"first","28":"instock","29":"taxable","30":"shipping-taxable","31":"purchasable","32":"product-type-simple"},"_links":{"self":[{"href":"https:\/\/aigroupfood.net\/wm-save\/wp-json\/wp\/v2\/product\/72547","targetHints":{"allow":["GET"]}}],"collection":[{"href":"https:\/\/aigroupfood.net\/wm-save\/wp-json\/wp\/v2\/product"}],"about":[{"href":"https:\/\/aigroupfood.net\/wm-save\/wp-json\/wp\/v2\/types\/product"}],"replies":[{"embeddable":true,"href":"https:\/\/aigroupfood.net\/wm-save\/wp-json\/wp\/v2\/comments?post=72547"}],"wp:featuredmedia":[{"embeddable":true,"href":"https:\/\/aigroupfood.net\/wm-save\/wp-json\/wp\/v2\/media\/72679"}],"wp:attachment":[{"href":"https:\/\/aigroupfood.net\/wm-save\/wp-json\/wp\/v2\/media?parent=72547"}],"wp:term":[{"taxonomy":"product_brand","embeddable":true,"href":"https:\/\/aigroupfood.net\/wm-save\/wp-json\/wp\/v2\/product_brand?post=72547"},{"taxonomy":"product_cat","embeddable":true,"href":"https:\/\/aigroupfood.net\/wm-save\/wp-json\/wp\/v2\/product_cat?post=72547"},{"taxonomy":"product_tag","embeddable":true,"href":"https:\/\/aigroupfood.net\/wm-save\/wp-json\/wp\/v2\/product_tag?post=72547"}],"curies":[{"name":"wp","href":"https:\/\/api.w.org\/{rel}","templated":true}]}}